{"id":161,"date":"2021-11-25T12:41:13","date_gmt":"2021-11-25T14:41:13","guid":{"rendered":"http:\/\/santacasaararaquara.com.br\/trp\/?page_id=161"},"modified":"2023-03-23T10:17:21","modified_gmt":"2023-03-23T13:17:21","slug":"sustentaveis","status":"publish","type":"page","link":"https:\/\/santacasaararaquara.com.br\/trp\/?page_id=161","title":{"rendered":""},"content":{"rendered":"\n<h2 class=\"has-text-align-center wp-block-heading\">Santas Casas SUStent\u00e1veis<\/h2>\n\n\n\n<div data-wp-interactive=\"core\/file\" class=\"wp-block-file\"><object data-wp-bind--hidden=\"!state.hasPdfPreview\" hidden class=\"wp-block-file__embed\" data=\"https:\/\/santacasaararaquara.com.br\/trp\/wp-content\/uploads\/2021\/12\/Sustentaveis-Convenio-392.2016-Exercicio-2016.pdf\" type=\"application\/pdf\" style=\"width:100%;height:600px\" aria-label=\"Incorporado de Sustent\u00e1veis - Conv\u00eanio 392.2016 - Exerc\u00edcio 2016.\"><\/object><a id=\"wp-block-file--media-587be44b-fa17-44fd-9d13-2f57f0f57260\" href=\"https:\/\/santacasaararaquara.com.br\/trp\/wp-content\/uploads\/2021\/12\/Sustentaveis-Convenio-392.2016-Exercicio-2016.pdf\">Sustent\u00e1veis &#8211; Conv\u00eanio 392.2016 &#8211; Exerc\u00edcio 2016<\/a><a href=\"https:\/\/santacasaararaquara.com.br\/trp\/wp-content\/uploads\/2021\/12\/Sustentaveis-Convenio-392.2016-Exercicio-2016.pdf\" class=\"wp-block-file__button wp-element-button\" download aria-describedby=\"wp-block-file--media-587be44b-fa17-44fd-9d13-2f57f0f57260\">Baixar<\/a><\/div>\n\n\n\n<div data-wp-interactive=\"core\/file\" class=\"wp-block-file\"><object data-wp-bind--hidden=\"!state.hasPdfPreview\" hidden class=\"wp-block-file__embed\" data=\"https:\/\/santacasaararaquara.com.br\/trp\/wp-content\/uploads\/2021\/12\/Sustentaveis-Convenio-392.2016-Exercicio-2017.pdf\" type=\"application\/pdf\" style=\"width:100%;height:600px\" aria-label=\"Incorporado de Sustentaveis-Convenio-392.2016-Exercicio-2017.\"><\/object><a id=\"wp-block-file--media-cb599789-df65-42d6-a024-65fbfd4e1b80\" href=\"https:\/\/santacasaararaquara.com.br\/trp\/wp-content\/uploads\/2021\/12\/Sustentaveis-Convenio-392.2016-Exercicio-2017.pdf\">Sustentaveis-Convenio-392.2016-Exercicio-2017<\/a><a href=\"https:\/\/santacasaararaquara.com.br\/trp\/wp-content\/uploads\/2021\/12\/Sustentaveis-Convenio-392.2016-Exercicio-2017.pdf\" class=\"wp-block-file__button wp-element-button\" download aria-describedby=\"wp-block-file--media-cb599789-df65-42d6-a024-65fbfd4e1b80\">Baixar<\/a><\/div>\n\n\n\n<div data-wp-interactive=\"core\/file\" class=\"wp-block-file\"><object data-wp-bind--hidden=\"!state.hasPdfPreview\" hidden class=\"wp-block-file__embed\" data=\"https:\/\/santacasaararaquara.com.br\/trp\/wp-content\/uploads\/2021\/12\/Sustentaveis-Convenio-630.2016-Exercicio-2017.pdf\" type=\"application\/pdf\" style=\"width:100%;height:600px\" aria-label=\"Incorporado de Sustentaveis-Convenio-630.2016-Exercicio-2017.\"><\/object><a id=\"wp-block-file--media-742dedf7-eccf-4890-b627-803d3004123c\" href=\"https:\/\/santacasaararaquara.com.br\/trp\/wp-content\/uploads\/2021\/12\/Sustentaveis-Convenio-630.2016-Exercicio-2017.pdf\">Sustentaveis-Convenio-630.2016-Exercicio-2017<\/a><a href=\"https:\/\/santacasaararaquara.com.br\/trp\/wp-content\/uploads\/2021\/12\/Sustentaveis-Convenio-630.2016-Exercicio-2017.pdf\" class=\"wp-block-file__button wp-element-button\" download aria-describedby=\"wp-block-file--media-742dedf7-eccf-4890-b627-803d3004123c\">Baixar<\/a><\/div>\n\n\n\n<div data-wp-interactive=\"core\/file\" class=\"wp-block-file\"><object data-wp-bind--hidden=\"!state.hasPdfPreview\" hidden class=\"wp-block-file__embed\" data=\"https:\/\/santacasaararaquara.com.br\/trp\/wp-content\/uploads\/2021\/12\/Sustentaveis-Convenio-630.2016-Exercicio-2018.pdf\" type=\"application\/pdf\" style=\"width:100%;height:600px\" aria-label=\"Incorporado de Sustentaveis-Convenio-630.2016-Exercicio-2018.\"><\/object><a id=\"wp-block-file--media-6a93b935-a1d9-476a-adc7-db4f089acd97\" href=\"https:\/\/santacasaararaquara.com.br\/trp\/wp-content\/uploads\/2021\/12\/Sustentaveis-Convenio-630.2016-Exercicio-2018.pdf\">Sustentaveis-Convenio-630.2016-Exercicio-2018<\/a><a href=\"https:\/\/santacasaararaquara.com.br\/trp\/wp-content\/uploads\/2021\/12\/Sustentaveis-Convenio-630.2016-Exercicio-2018.pdf\" class=\"wp-block-file__button wp-element-button\" download aria-describedby=\"wp-block-file--media-6a93b935-a1d9-476a-adc7-db4f089acd97\">Baixar<\/a><\/div>\n\n\n\n<div data-wp-interactive=\"core\/file\" class=\"wp-block-file\"><object data-wp-bind--hidden=\"!state.hasPdfPreview\" hidden class=\"wp-block-file__embed\" data=\"https:\/\/santacasaararaquara.com.br\/trp\/wp-content\/uploads\/2021\/12\/Sustentaveis-Convenio-630.2016-Exercicio-2019.pdf\" type=\"application\/pdf\" style=\"width:100%;height:600px\" aria-label=\"Incorporado de Sustentaveis-Convenio-630.2016-Exercicio-2019.\"><\/object><a id=\"wp-block-file--media-8160d6d0-80e4-48b6-b35b-5632382e9f33\" href=\"https:\/\/santacasaararaquara.com.br\/trp\/wp-content\/uploads\/2021\/12\/Sustentaveis-Convenio-630.2016-Exercicio-2019.pdf\">Sustentaveis-Convenio-630.2016-Exercicio-2019<\/a><a href=\"https:\/\/santacasaararaquara.com.br\/trp\/wp-content\/uploads\/2021\/12\/Sustentaveis-Convenio-630.2016-Exercicio-2019.pdf\" class=\"wp-block-file__button wp-element-button\" download aria-describedby=\"wp-block-file--media-8160d6d0-80e4-48b6-b35b-5632382e9f33\">Baixar<\/a><\/div>\n\n\n\n<div data-wp-interactive=\"core\/file\" class=\"wp-block-file\"><object data-wp-bind--hidden=\"!state.hasPdfPreview\" hidden class=\"wp-block-file__embed\" data=\"https:\/\/santacasaararaquara.com.br\/trp\/wp-content\/uploads\/2021\/12\/Sustentaveis-Convenio-630.2016-Exercicio-2020.pdf\" type=\"application\/pdf\" style=\"width:100%;height:600px\" aria-label=\"Incorporado de Sustentaveis-Convenio-630.2016-Exercicio-2020.\"><\/object><a id=\"wp-block-file--media-dfa80c42-8fdb-4440-9fba-78db08a8b97a\" href=\"https:\/\/santacasaararaquara.com.br\/trp\/wp-content\/uploads\/2021\/12\/Sustentaveis-Convenio-630.2016-Exercicio-2020.pdf\">Sustentaveis-Convenio-630.2016-Exercicio-2020<\/a><a href=\"https:\/\/santacasaararaquara.com.br\/trp\/wp-content\/uploads\/2021\/12\/Sustentaveis-Convenio-630.2016-Exercicio-2020.pdf\" class=\"wp-block-file__button wp-element-button\" download aria-describedby=\"wp-block-file--media-dfa80c42-8fdb-4440-9fba-78db08a8b97a\">Baixar<\/a><\/div>\n\n\n\n<div data-wp-interactive=\"core\/file\" class=\"wp-block-file\"><object data-wp-bind--hidden=\"!state.hasPdfPreview\" hidden class=\"wp-block-file__embed\" data=\"https:\/\/santacasaararaquara.com.br\/trp\/wp-content\/uploads\/2021\/12\/Sustentaveis-Convenio-311.2020-Exercicio-2020.pdf\" type=\"application\/pdf\" style=\"width:100%;height:600px\" aria-label=\"Incorporado de Sustentaveis-Convenio-311.2020-Exercicio-2020.\"><\/object><a id=\"wp-block-file--media-241906d8-a19c-45a4-9268-082b7d5bd17c\" href=\"https:\/\/santacasaararaquara.com.br\/trp\/wp-content\/uploads\/2021\/12\/Sustentaveis-Convenio-311.2020-Exercicio-2020.pdf\">Sustentaveis-Convenio-311.2020-Exercicio-2020<\/a><a href=\"https:\/\/santacasaararaquara.com.br\/trp\/wp-content\/uploads\/2021\/12\/Sustentaveis-Convenio-311.2020-Exercicio-2020.pdf\" class=\"wp-block-file__button wp-element-button\" download aria-describedby=\"wp-block-file--media-241906d8-a19c-45a4-9268-082b7d5bd17c\">Baixar<\/a><\/div>\n\n\n\n<div data-wp-interactive=\"core\/file\" class=\"wp-block-file\"><object data-wp-bind--hidden=\"!state.hasPdfPreview\" hidden class=\"wp-block-file__embed\" data=\"https:\/\/santacasaararaquara.com.br\/trp\/wp-content\/uploads\/2022\/07\/Sustentaveis-Convenio-311.2020-Exercicio-2021.pdf\" type=\"application\/pdf\" style=\"width:100%;height:600px\" aria-label=\"Incorporado de Sustentaveis-Convenio-311.2020-Exercicio-2021.\"><\/object><a id=\"wp-block-file--media-efa8e7a3-c53a-4642-89d6-66d36fda0321\" href=\"https:\/\/santacasaararaquara.com.br\/trp\/wp-content\/uploads\/2022\/07\/Sustentaveis-Convenio-311.2020-Exercicio-2021.pdf\">Sustentaveis-Convenio-311.2020-Exercicio-2021<\/a><a href=\"https:\/\/santacasaararaquara.com.br\/trp\/wp-content\/uploads\/2022\/07\/Sustentaveis-Convenio-311.2020-Exercicio-2021.pdf\" class=\"wp-block-file__button wp-element-button\" download aria-describedby=\"wp-block-file--media-efa8e7a3-c53a-4642-89d6-66d36fda0321\">Baixar<\/a><\/div>\n\n\n\n<div data-wp-interactive=\"core\/file\" class=\"wp-block-file\"><object data-wp-bind--hidden=\"!state.hasPdfPreview\" hidden class=\"wp-block-file__embed\" data=\"https:\/\/santacasaararaquara.com.br\/trp\/wp-content\/uploads\/2022\/07\/Plano-de-Trabalho-Sustentaveis.pdf\" type=\"application\/pdf\" style=\"width:100%;height:600px\" aria-label=\"Incorporado de Plano de Trabalho SUStentaveis.\"><\/object><a id=\"wp-block-file--media-1a1aa87d-d6f6-4b2a-b7a9-e9c647589073\" href=\"https:\/\/santacasaararaquara.com.br\/trp\/wp-content\/uploads\/2022\/07\/Plano-de-Trabalho-Sustentaveis.pdf\">Plano de Trabalho SUStentaveis<\/a><a href=\"https:\/\/santacasaararaquara.com.br\/trp\/wp-content\/uploads\/2022\/07\/Plano-de-Trabalho-Sustentaveis.pdf\" class=\"wp-block-file__button wp-element-button\" download aria-describedby=\"wp-block-file--media-1a1aa87d-d6f6-4b2a-b7a9-e9c647589073\">Baixar<\/a><\/div>\n\n\n\n<div data-wp-interactive=\"core\/file\" class=\"wp-block-file\"><object data-wp-bind--hidden=\"!state.hasPdfPreview\" hidden class=\"wp-block-file__embed\" data=\"https:\/\/santacasaararaquara.com.br\/trp\/wp-content\/uploads\/2023\/03\/Convenio-311.2020-SUStentaveis-exercicio-2022-1.pdf\" type=\"application\/pdf\" style=\"width:100%;height:600px\" aria-label=\"Incorporado de Convenio 311.2020 SUStentaveis exercicio 2022 1.\"><\/object><a id=\"wp-block-file--media-d2109fb0-3cbf-4be0-b302-921d8d1e980a\" href=\"https:\/\/santacasaararaquara.com.br\/trp\/wp-content\/uploads\/2023\/03\/Convenio-311.2020-SUStentaveis-exercicio-2022-1.pdf\">Convenio 311.2020 SUStentaveis exercicio 2022 1<\/a><a href=\"https:\/\/santacasaararaquara.com.br\/trp\/wp-content\/uploads\/2023\/03\/Convenio-311.2020-SUStentaveis-exercicio-2022-1.pdf\" class=\"wp-block-file__button wp-element-button\" download aria-describedby=\"wp-block-file--media-d2109fb0-3cbf-4be0-b302-921d8d1e980a\">Baixar<\/a><\/div>\n","protected":false},"excerpt":{"rendered":"<p>Santas Casas SUStent\u00e1veis<\/p>\n","protected":false},"author":1,"featured_media":0,"parent":0,"menu_order":0,"comment_status":"closed","ping_status":"closed","template":"","meta":{"footnotes":""},"class_list":["post-161","page","type-page","status-publish","hentry"],"_links":{"self":[{"href":"https:\/\/santacasaararaquara.com.br\/trp\/index.php?rest_route=\/wp\/v2\/pages\/161","targetHints":{"allow":["GET"]}}],"collection":[{"href":"https:\/\/santacasaararaquara.com.br\/trp\/index.php?rest_route=\/wp\/v2\/pages"}],"about":[{"href":"https:\/\/santacasaararaquara.com.br\/trp\/index.php?rest_route=\/wp\/v2\/types\/page"}],"author":[{"embeddable":true,"href":"https:\/\/santacasaararaquara.com.br\/trp\/index.php?rest_route=\/wp\/v2\/users\/1"}],"replies":[{"embeddable":true,"href":"https:\/\/santacasaararaquara.com.br\/trp\/index.php?rest_route=%2Fwp%2Fv2%2Fcomments&post=161"}],"version-history":[{"count":13,"href":"https:\/\/santacasaararaquara.com.br\/trp\/index.php?rest_route=\/wp\/v2\/pages\/161\/revisions"}],"predecessor-version":[{"id":466,"href":"https:\/\/santacasaararaquara.com.br\/trp\/index.php?rest_route=\/wp\/v2\/pages\/161\/revisions\/466"}],"wp:attachment":[{"href":"https:\/\/santacasaararaquara.com.br\/trp\/index.php?rest_route=%2Fwp%2Fv2%2Fmedia&parent=161"}],"curies":[{"name":"wp","href":"https:\/\/api.w.org\/{rel}","templated":true}]}}