{"id":163,"date":"2021-11-25T12:42:20","date_gmt":"2021-11-25T14:42:20","guid":{"rendered":"http:\/\/santacasaararaquara.com.br\/trp\/?page_id=163"},"modified":"2023-03-23T11:46:49","modified_gmt":"2023-03-23T14:46:49","slug":"pro-santas-casas","status":"publish","type":"page","link":"https:\/\/santacasaararaquara.com.br\/trp\/?page_id=163","title":{"rendered":""},"content":{"rendered":"\n<h2 class=\"wp-block-heading\">Pr\u00f3 Santas Casas<\/h2>\n\n\n\n<p><\/p>\n\n\n\n<div data-wp-interactive=\"core\/file\" class=\"wp-block-file\"><object data-wp-bind--hidden=\"!state.hasPdfPreview\" hidden class=\"wp-block-file__embed\" data=\"https:\/\/santacasaararaquara.com.br\/trp\/wp-content\/uploads\/2021\/12\/Pro-Santa-Casa-2-Convenio-304.2016-Exercicio-2016.pdf\" type=\"application\/pdf\" style=\"width:100%;height:600px\" aria-label=\"Incorporado de Pr\u00f3 Santa Casa 2 - Conv\u00eanio 304.2016 - Exerc\u00edcio 2016.\"><\/object><a id=\"wp-block-file--media-f83806c4-90c7-4c64-bfb4-4f35ac8d6a75\" href=\"https:\/\/santacasaararaquara.com.br\/trp\/wp-content\/uploads\/2021\/12\/Pro-Santa-Casa-2-Convenio-304.2016-Exercicio-2016.pdf\">Pr\u00f3 Santa Casa 2 &#8211; Conv\u00eanio 304.2016 &#8211; Exerc\u00edcio 2016<\/a><a href=\"https:\/\/santacasaararaquara.com.br\/trp\/wp-content\/uploads\/2021\/12\/Pro-Santa-Casa-2-Convenio-304.2016-Exercicio-2016.pdf\" class=\"wp-block-file__button wp-element-button\" download aria-describedby=\"wp-block-file--media-f83806c4-90c7-4c64-bfb4-4f35ac8d6a75\">Baixar<\/a><\/div>\n\n\n\n<div data-wp-interactive=\"core\/file\" class=\"wp-block-file\"><object data-wp-bind--hidden=\"!state.hasPdfPreview\" hidden class=\"wp-block-file__embed\" data=\"https:\/\/santacasaararaquara.com.br\/trp\/wp-content\/uploads\/2021\/12\/Pro-Santa-Casa-2-Convenio-622.2016-Exercicio-2017.pdf\" type=\"application\/pdf\" style=\"width:100%;height:600px\" aria-label=\"Incorporado de Pr\u00f3 Santa Casa 2 - Conv\u00eanio 622.2016 - Exerc\u00edcio 2017.\"><\/object><a id=\"wp-block-file--media-8a9fb918-e0c0-4f38-b667-451ab5f01b18\" href=\"https:\/\/santacasaararaquara.com.br\/trp\/wp-content\/uploads\/2021\/12\/Pro-Santa-Casa-2-Convenio-622.2016-Exercicio-2017.pdf\">Pr\u00f3 Santa Casa 2 &#8211; Conv\u00eanio 622.2016 &#8211; Exerc\u00edcio 2017<\/a><a href=\"https:\/\/santacasaararaquara.com.br\/trp\/wp-content\/uploads\/2021\/12\/Pro-Santa-Casa-2-Convenio-622.2016-Exercicio-2017.pdf\" class=\"wp-block-file__button wp-element-button\" download aria-describedby=\"wp-block-file--media-8a9fb918-e0c0-4f38-b667-451ab5f01b18\">Baixar<\/a><\/div>\n\n\n\n<div data-wp-interactive=\"core\/file\" class=\"wp-block-file\"><object data-wp-bind--hidden=\"!state.hasPdfPreview\" hidden class=\"wp-block-file__embed\" data=\"https:\/\/santacasaararaquara.com.br\/trp\/wp-content\/uploads\/2021\/12\/Pro-Santa-Casa-2-Convenio-622.2016-Exercicio-2018.pdf\" type=\"application\/pdf\" style=\"width:100%;height:600px\" aria-label=\"Incorporado de Pr\u00f3 Santa Casa 2 - Conv\u00eanio 622.2016 - Exerc\u00edcio 2018.\"><\/object><a id=\"wp-block-file--media-6f7b7a34-0f3b-4cad-9b46-a49b14f04050\" href=\"https:\/\/santacasaararaquara.com.br\/trp\/wp-content\/uploads\/2021\/12\/Pro-Santa-Casa-2-Convenio-622.2016-Exercicio-2018.pdf\">Pr\u00f3 Santa Casa 2 &#8211; Conv\u00eanio 622.2016 &#8211; Exerc\u00edcio 2018<\/a><a href=\"https:\/\/santacasaararaquara.com.br\/trp\/wp-content\/uploads\/2021\/12\/Pro-Santa-Casa-2-Convenio-622.2016-Exercicio-2018.pdf\" class=\"wp-block-file__button wp-element-button\" download aria-describedby=\"wp-block-file--media-6f7b7a34-0f3b-4cad-9b46-a49b14f04050\">Baixar<\/a><\/div>\n\n\n\n<div data-wp-interactive=\"core\/file\" class=\"wp-block-file\"><object data-wp-bind--hidden=\"!state.hasPdfPreview\" hidden class=\"wp-block-file__embed\" data=\"https:\/\/santacasaararaquara.com.br\/trp\/wp-content\/uploads\/2021\/12\/Pro-Santa-Casa-2-Convenio-622.2016-Exercicio-2019.pdf\" type=\"application\/pdf\" style=\"width:100%;height:600px\" aria-label=\"Incorporado de Pr\u00f3 Santa Casa 2 - Conv\u00eanio 622.2016 - Exerc\u00edcio 2019.\"><\/object><a id=\"wp-block-file--media-a66616d2-aa34-45e3-be4a-91b673b1685d\" href=\"https:\/\/santacasaararaquara.com.br\/trp\/wp-content\/uploads\/2021\/12\/Pro-Santa-Casa-2-Convenio-622.2016-Exercicio-2019.pdf\">Pr\u00f3 Santa Casa 2 &#8211; Conv\u00eanio 622.2016 &#8211; Exerc\u00edcio 2019<\/a><a href=\"https:\/\/santacasaararaquara.com.br\/trp\/wp-content\/uploads\/2021\/12\/Pro-Santa-Casa-2-Convenio-622.2016-Exercicio-2019.pdf\" class=\"wp-block-file__button wp-element-button\" download aria-describedby=\"wp-block-file--media-a66616d2-aa34-45e3-be4a-91b673b1685d\">Baixar<\/a><\/div>\n\n\n\n<div data-wp-interactive=\"core\/file\" class=\"wp-block-file\"><object data-wp-bind--hidden=\"!state.hasPdfPreview\" hidden class=\"wp-block-file__embed\" data=\"https:\/\/santacasaararaquara.com.br\/trp\/wp-content\/uploads\/2021\/12\/Pro-Santa-Casa-2-Convenio-622.2016-Exercicio-2020.pdf\" type=\"application\/pdf\" style=\"width:100%;height:600px\" aria-label=\"Incorporado de Pr\u00f3 Santa Casa 2 - Conv\u00eanio 622.2016 - Exerc\u00edcio 2020.\"><\/object><a id=\"wp-block-file--media-99bff4b0-2aba-4d38-855b-1c1c2bba578b\" href=\"https:\/\/santacasaararaquara.com.br\/trp\/wp-content\/uploads\/2021\/12\/Pro-Santa-Casa-2-Convenio-622.2016-Exercicio-2020.pdf\">Pr\u00f3 Santa Casa 2 &#8211; Conv\u00eanio 622.2016 &#8211; Exerc\u00edcio 2020<\/a><a href=\"https:\/\/santacasaararaquara.com.br\/trp\/wp-content\/uploads\/2021\/12\/Pro-Santa-Casa-2-Convenio-622.2016-Exercicio-2020.pdf\" class=\"wp-block-file__button wp-element-button\" download aria-describedby=\"wp-block-file--media-99bff4b0-2aba-4d38-855b-1c1c2bba578b\">Baixar<\/a><\/div>\n\n\n\n<div data-wp-interactive=\"core\/file\" class=\"wp-block-file\"><object data-wp-bind--hidden=\"!state.hasPdfPreview\" hidden class=\"wp-block-file__embed\" data=\"https:\/\/santacasaararaquara.com.br\/trp\/wp-content\/uploads\/2021\/12\/Pro-Santa-Casa-2-Convenio-313.2020-Exercicio-2020.pdf\" type=\"application\/pdf\" style=\"width:100%;height:600px\" aria-label=\"Incorporado de Pr\u00f3 Santa Casa 2 - Conv\u00eanio 313.2020 - Exerc\u00edcio 2020.\"><\/object><a id=\"wp-block-file--media-86950a7a-7162-42a7-9c5f-28baf4042c82\" href=\"https:\/\/santacasaararaquara.com.br\/trp\/wp-content\/uploads\/2021\/12\/Pro-Santa-Casa-2-Convenio-313.2020-Exercicio-2020.pdf\">Pr\u00f3 Santa Casa 2 &#8211; Conv\u00eanio 313.2020 &#8211; Exerc\u00edcio 2020<\/a><a href=\"https:\/\/santacasaararaquara.com.br\/trp\/wp-content\/uploads\/2021\/12\/Pro-Santa-Casa-2-Convenio-313.2020-Exercicio-2020.pdf\" class=\"wp-block-file__button wp-element-button\" download aria-describedby=\"wp-block-file--media-86950a7a-7162-42a7-9c5f-28baf4042c82\">Baixar<\/a><\/div>\n\n\n\n<div data-wp-interactive=\"core\/file\" class=\"wp-block-file\"><object data-wp-bind--hidden=\"!state.hasPdfPreview\" hidden class=\"wp-block-file__embed\" data=\"https:\/\/santacasaararaquara.com.br\/trp\/wp-content\/uploads\/2022\/07\/Pro-Santa-Casa-2-Convenio-313.2020-Exercicio-2021.pdf\" type=\"application\/pdf\" style=\"width:100%;height:600px\" aria-label=\"Incorporado de Pro-Santa-Casa-2-Convenio-313.2020-Exercicio-2021.\"><\/object><a id=\"wp-block-file--media-bebce6a6-b442-44f9-a699-047d65b2a1d1\" href=\"https:\/\/santacasaararaquara.com.br\/trp\/wp-content\/uploads\/2022\/07\/Pro-Santa-Casa-2-Convenio-313.2020-Exercicio-2021.pdf\">Pro-Santa-Casa-2-Convenio-313.2020-Exercicio-2021<\/a><a href=\"https:\/\/santacasaararaquara.com.br\/trp\/wp-content\/uploads\/2022\/07\/Pro-Santa-Casa-2-Convenio-313.2020-Exercicio-2021.pdf\" class=\"wp-block-file__button wp-element-button\" download aria-describedby=\"wp-block-file--media-bebce6a6-b442-44f9-a699-047d65b2a1d1\">Baixar<\/a><\/div>\n\n\n\n<div data-wp-interactive=\"core\/file\" class=\"wp-block-file\"><object data-wp-bind--hidden=\"!state.hasPdfPreview\" hidden class=\"wp-block-file__embed\" data=\"https:\/\/santacasaararaquara.com.br\/trp\/wp-content\/uploads\/2022\/07\/Plano-de-Trabalho-Pro-Santa-Casa.pdf\" type=\"application\/pdf\" style=\"width:100%;height:600px\" aria-label=\"Incorporado de Plano-de-Trabalho-Pro-Santa-Casa.\"><\/object><a id=\"wp-block-file--media-acbb2c02-7259-45f1-8388-a3242494c3df\" href=\"https:\/\/santacasaararaquara.com.br\/trp\/wp-content\/uploads\/2022\/07\/Plano-de-Trabalho-Pro-Santa-Casa.pdf\">Plano-de-Trabalho-Pro-Santa-Casa<\/a><a href=\"https:\/\/santacasaararaquara.com.br\/trp\/wp-content\/uploads\/2022\/07\/Plano-de-Trabalho-Pro-Santa-Casa.pdf\" class=\"wp-block-file__button wp-element-button\" download aria-describedby=\"wp-block-file--media-acbb2c02-7259-45f1-8388-a3242494c3df\">Baixar<\/a><\/div>\n\n\n\n<div data-wp-interactive=\"core\/file\" class=\"wp-block-file\"><object data-wp-bind--hidden=\"!state.hasPdfPreview\" hidden class=\"wp-block-file__embed\" data=\"https:\/\/santacasaararaquara.com.br\/trp\/wp-content\/uploads\/2023\/03\/Convenio-313.2020-Pro-Santa-Casa-2-exercicio-2022-1-3.pdf\" type=\"application\/pdf\" style=\"width:100%;height:600px\" aria-label=\"Incorporado de Convenio 313.2020 Pro Santa Casa 2 exercicio 2022 1.\"><\/object><a id=\"wp-block-file--media-58a916f2-5305-4f1c-ba9e-f4267569137e\" href=\"https:\/\/santacasaararaquara.com.br\/trp\/wp-content\/uploads\/2023\/03\/Convenio-313.2020-Pro-Santa-Casa-2-exercicio-2022-1-3.pdf\">Convenio 313.2020 Pro Santa Casa 2 exercicio 2022 1<\/a><a href=\"https:\/\/santacasaararaquara.com.br\/trp\/wp-content\/uploads\/2023\/03\/Convenio-313.2020-Pro-Santa-Casa-2-exercicio-2022-1-3.pdf\" class=\"wp-block-file__button wp-element-button\" download aria-describedby=\"wp-block-file--media-58a916f2-5305-4f1c-ba9e-f4267569137e\">Baixar<\/a><\/div>\n","protected":false},"excerpt":{"rendered":"<p>Pr\u00f3 Santas Casas<\/p>\n","protected":false},"author":1,"featured_media":0,"parent":0,"menu_order":0,"comment_status":"closed","ping_status":"closed","template":"","meta":{"footnotes":""},"class_list":["post-163","page","type-page","status-publish","hentry"],"_links":{"self":[{"href":"https:\/\/santacasaararaquara.com.br\/trp\/index.php?rest_route=\/wp\/v2\/pages\/163","targetHints":{"allow":["GET"]}}],"collection":[{"href":"https:\/\/santacasaararaquara.com.br\/trp\/index.php?rest_route=\/wp\/v2\/pages"}],"about":[{"href":"https:\/\/santacasaararaquara.com.br\/trp\/index.php?rest_route=\/wp\/v2\/types\/page"}],"author":[{"embeddable":true,"href":"https:\/\/santacasaararaquara.com.br\/trp\/index.php?rest_route=\/wp\/v2\/users\/1"}],"replies":[{"embeddable":true,"href":"https:\/\/santacasaararaquara.com.br\/trp\/index.php?rest_route=%2Fwp%2Fv2%2Fcomments&post=163"}],"version-history":[{"count":24,"href":"https:\/\/santacasaararaquara.com.br\/trp\/index.php?rest_route=\/wp\/v2\/pages\/163\/revisions"}],"predecessor-version":[{"id":491,"href":"https:\/\/santacasaararaquara.com.br\/trp\/index.php?rest_route=\/wp\/v2\/pages\/163\/revisions\/491"}],"wp:attachment":[{"href":"https:\/\/santacasaararaquara.com.br\/trp\/index.php?rest_route=%2Fwp%2Fv2%2Fmedia&parent=163"}],"curies":[{"name":"wp","href":"https:\/\/api.w.org\/{rel}","templated":true}]}}