{"id":5,"date":"2021-11-18T12:04:31","date_gmt":"2021-11-18T15:04:31","guid":{"rendered":"http:\/\/localhost\/transp\/one-page-express\/"},"modified":"2025-04-09T09:41:55","modified_gmt":"2025-04-09T12:41:55","slug":"one-page-express","status":"publish","type":"page","link":"https:\/\/santacasaararaquara.com.br\/trp\/","title":{"rendered":"Front Page"},"content":{"rendered":"<div  id=\"arquivos\" style=\"background-color: rgb(255, 255, 255);\" data-label=\"Arquivos\" data-id=\"stripped-coloured-icon-boxes\" data-category=\"overlapable\" class=\"features-coloured-icon-boxes-section\" data-overlap=\"true\"> <div  class=\"gridContainer\"> <div  class=\"features-coloured-icon-boxes-innerrow flexbox-list dark-text\" data-type=\"row\"> <div  class=\"features-coloured-icon-boxes-featurecol cp2cols\"> <div  class=\"features-coloured-icon-boxes-iconcontainer\" data-content-item-container=\"true\"> <i  data-cp-fa=\"true\" class=\"features-coloured-icon fa fa-bank\"><\/i> <\/div> <h4  class=\"\">Balan\u00e7os Patrimoniais<\/h4>  <a  class=\"features-coloured-button\" href=\"https:\/\/santacasaararaquara.com.br\/trp?page_id=133\" target=\"_self\" rel=\"noopener\">ACESSAR<\/a> <\/div> <div  class=\"features-coloured-icon-boxes-featurecol cp2cols\"> <div  class=\"features-coloured-icon-boxes-iconcontainer\" data-content-item-container=\"true\"> <i  data-cp-fa=\"true\" class=\"features-coloured-icon fa fa-briefcase\"><\/i> <\/div> <h4  class=\"\">Emendas Parlamentares<\/h4>  <a  class=\"features-coloured-button\" href=\"https:\/\/santacasaararaquara.com.br\/trp?page_id=146\" target=\"_self\" rel=\"noopener\">ACESSAR<\/a> <\/div> <div  class=\"features-coloured-icon-boxes-featurecol cp2cols\"> <div  class=\"features-coloured-icon-boxes-iconcontainer\" data-content-item-container=\"true\"> <i  data-cp-fa=\"true\" class=\"features-coloured-icon fa fa-signal\"><\/i> <\/div> <h4  class=\"\">Santas Casas Sustent\u00e1veis<\/h4>  <a  class=\"features-coloured-button\" href=\"https:\/\/santacasaararaquara.com.br\/trp?page_id=161\" target=\"_self\" rel=\"noopener\">ACESSAR<\/a> <\/div> <div  class=\"features-coloured-icon-boxes-featurecol cp2cols\"> <div  class=\"features-coloured-icon-boxes-iconcontainer\" data-content-item-container=\"true\"> <i  data-cp-fa=\"true\" class=\"features-coloured-icon fa fa-medkit\"><\/i> <\/div> <h4  class=\"\">Pr\u00f3 Santas Casas<\/h4>  <a  class=\"features-coloured-button\" href=\"https:\/\/santacasaararaquara.com.br\/trp?page_id=163\" target=\"_self\" rel=\"noopener\">ACESSAR<\/a> <\/div> <div  class=\"features-coloured-icon-boxes-featurecol cp2cols\"> <div  class=\"features-coloured-icon-boxes-iconcontainer\" data-content-item-container=\"true\"> <i  data-cp-fa=\"true\" class=\"features-coloured-icon fa fa-handshake-o\"><\/i> <\/div> <h4  class=\"\">Doa\u00e7\u00f5es<\/h4>  <a  class=\"features-coloured-button\" href=\"https:\/\/santacasaararaquara.com.br\/trp?page_id=165\" target=\"_self\" rel=\"noopener\">ACESSAR<\/a> <\/div><div  class=\"features-coloured-icon-boxes-featurecol cp2cols\"> <div  class=\"features-coloured-icon-boxes-iconcontainer\" data-content-item-container=\"true\"> <i  data-cp-fa=\"true\" class=\"features-coloured-icon fa fa-file-text-o\"><\/i> <\/div> <h4  class=\"\">Pol\u00edticas Institucionais<\/h4>  <a  class=\"features-coloured-button\" href=\"https:\/\/santacasaararaquara.com.br\/trp?page_id=228\" target=\"_self\" rel=\"noopener\">ACESSAR<\/a> <\/div><div  class=\"features-coloured-icon-boxes-featurecol cp2cols\"> <div  class=\"features-coloured-icon-boxes-iconcontainer\" data-content-item-container=\"true\"> <i  data-cp-fa=\"true\" class=\"features-coloured-icon fa fa-align-justify\"><\/i> <\/div> <h4  class=\"\">Estatuto Social<\/h4>  <a  class=\"features-coloured-button\" href=\"https:\/\/santacasaararaquara.com.br\/trp?page_id=232\" target=\"_self\" rel=\"noopener\">ACESSAR<\/a> <\/div><div  class=\"features-coloured-icon-boxes-featurecol cp2cols\"> <div  class=\"features-coloured-icon-boxes-iconcontainer\" data-content-item-container=\"true\"> <i  data-cp-fa=\"true\" class=\"features-coloured-icon fa fa-area-chart\"><\/i> <\/div> <h4  class=\"\">Indicadores de Produ\u00e7\u00e3o<\/h4>  <a  class=\"features-coloured-button\" href=\"https:\/\/santacasaararaquara.com.br\/trp?page_id=237\" target=\"_self\" rel=\"noopener\">ACESSAR<\/a> <\/div><div  class=\"features-coloured-icon-boxes-featurecol cp2cols\"> <div  class=\"features-coloured-icon-boxes-iconcontainer\" data-content-item-container=\"true\"> <i  data-cp-fa=\"true\" class=\"features-coloured-icon fa fa-clipboard\"><\/i> <\/div> <h4  class=\"\">Contratualiza\u00e7\u00e3o <\/h4>  <a  class=\"features-coloured-button\" href=\"https:\/\/santacasaararaquara.com.br\/trp?page_id=253\" target=\"_self\" rel=\"noopener\">ACESSAR<\/a> <\/div><div  class=\"features-coloured-icon-boxes-featurecol cp2cols\"> <div  class=\"features-coloured-icon-boxes-iconcontainer\" data-content-item-container=\"true\"> <i  data-cp-fa=\"true\" class=\"features-coloured-icon fa fa-list\"><\/i> <\/div> <h4  class=\"\">Membros do Conselho<\/h4>  <a  class=\"features-coloured-button\" href=\"https:\/\/santacasaararaquara.com.br\/trp?page_id=274\" target=\"_self\" rel=\"noopener\">ACESSAR<\/a> <\/div><div  class=\"features-coloured-icon-boxes-featurecol cp2cols\"> <div  class=\"features-coloured-icon-boxes-iconcontainer\" data-content-item-container=\"true\"> <i  data-cp-fa=\"true\" class=\"features-coloured-icon fa fa-bullhorn\"><\/i> <\/div> <h4  class=\"\">Chamamento P\u00fablico<\/h4>  <a  class=\"features-coloured-button\" href=\"https:\/\/santacasaararaquara.com.br\/trp?page_id=304\" target=\"_self\" rel=\"noopener\">ACESSAR<\/a> <\/div><div  class=\"features-coloured-icon-boxes-featurecol cp2cols\"> <div  class=\"features-coloured-icon-boxes-iconcontainer\" data-content-item-container=\"true\"> <i  data-cp-fa=\"true\" class=\"features-coloured-icon fa fa-gift\"><\/i> <\/div> <h4  class=\"\">Santa Casa Pr\u00eamios<\/h4>  <a  class=\"features-coloured-button\" href=\"https:\/\/santacasaararaquara.com.br\/trp?page_id=331\" target=\"_self\" rel=\"noopener\">ACESSAR<\/a> <\/div><div  class=\"features-coloured-icon-boxes-featurecol cp2cols\"> <div  class=\"features-coloured-icon-boxes-iconcontainer\" data-content-item-container=\"true\"> <i  data-cp-fa=\"true\" class=\"features-coloured-icon fa fa-money\"><\/i> <\/div> <h4  class=\"\">FP<\/h4>  <a  class=\"features-coloured-button\" href=\"https:\/\/santacasaararaquara.com.br\/trp?page_id=394\" target=\"_self\" rel=\"noopener\">ACESSAR<\/a> <\/div><div  class=\"features-coloured-icon-boxes-featurecol cp2cols\"> <div  class=\"features-coloured-icon-boxes-iconcontainer\" data-content-item-container=\"true\"> <i  data-cp-fa=\"true\" class=\"features-coloured-icon fa fa-etsy\"><\/i> <\/div> <h4  class=\"\">Emendas Parlamentares<\/h4>  <a  class=\"features-coloured-button\" href=\"https:\/\/santacasaararaquara.com.br\/trp?page_id=591\" target=\"_self\" rel=\"noopener\">ACESSAR<\/a> <\/div><div  class=\"features-coloured-icon-boxes-featurecol cp2cols\"> <div  class=\"features-coloured-icon-boxes-iconcontainer\" data-content-item-container=\"true\"> <i  data-cp-fa=\"true\" class=\"features-coloured-icon fa fa-bank\"><\/i> <\/div> <h4  class=\"\">Subven\u00e7\u00e3o<\/h4>  <a  class=\"features-coloured-button\" href=\"https:\/\/santacasaararaquara.com.br\/trp?page_id=599\" target=\"_self\" rel=\"noopener\">ACESSAR<\/a> <\/div><div  class=\"features-coloured-icon-boxes-featurecol cp2cols\"> <div  class=\"features-coloured-icon-boxes-iconcontainer\" data-content-item-container=\"true\"> <i  data-cp-fa=\"true\" class=\"features-coloured-icon fa fa-bank\"><\/i> <\/div> <h4  class=\"\">Mais Santas Casas<\/h4>  <a  class=\"features-coloured-button\" href=\"https:\/\/santacasaararaquara.com.br\/trp?page_id=685\" target=\"_self\" rel=\"noopener\">ACESSAR<\/a> <\/div><\/div> <\/div><\/div><div  data-label=\"Features\" data-id=\"features-small-icon-cards-section\" data-category=\"features\" class=\"features-small-icon-cards-section\" id=\"features-5\" style=\"background-color: rgb(255, 255, 255);\"> <div  class=\"\"> <div  class=\"features-small-icon-cards-textrow\"> <div  class=\"features-small-icon-cards-textcol dynamic-color\" data-type=\"column\">  <p  class=\"\">A Santa Casa de&nbsp; de Araraquara, entidade beneficente de assist\u00eancia social, atrav\u00e9s desta p\u00e1gina, disp\u00f5e as informa\u00e7\u00f5es pormenorizadas sobre a execu\u00e7\u00e3o or\u00e7ament\u00e1ria e financeira das verbas p\u00fablicas recebidas para realiza\u00e7\u00e3o de a\u00e7\u00f5es de interesse p\u00fablico, recursos p\u00fablicos diretamente do or\u00e7amento ou mediante subven\u00e7\u00f5es sociais, contratos de gest\u00e3o, termos de parceria, conv\u00eanios, acordos, ajustes ou outros instrumentos cong\u00eaneres que por ventura tenha firmado com o Estado no presente exerc\u00edcio, para conhecimento e acompanhamento da sociedade. A Lei 12.527 de 18\/11\/2011, regulamentada pelo Decreto N\u00ba 7.724 de 16\/05\/2012, configura marco importante na consolida\u00e7\u00e3o do \u201cEstado Democr\u00e1tico de Direito\u201d e na amplia\u00e7\u00e3o da participa\u00e7\u00e3o cidad\u00e3 no controle da gest\u00e3o p\u00fablica.<\/p> <\/div> <\/div> <div  class=\"features-small-icon-cards-featuresrow dark-text\" data-type=\"row\"> <div  class=\"features-small-icon-cards-featcol cp12cols\"> <div  class=\"features-small-icon-cards-featinnerrow\"> <div  class=\"features-small-icon-cards-iconcol\" data-preview-empty=\"1\">  <\/div> <div  class=\"features-small-icon-cards-feattextcol\" data-type=\"column\">   <\/div> <\/div> <\/div>      <\/div> <\/div><\/div>","protected":false},"excerpt":{"rendered":"<p>Balan\u00e7os Patrimoniais ACESSAR Emendas Parlamentares ACESSAR Santas Casas Sustent\u00e1veis ACESSAR Pr\u00f3 Santas Casas ACESSAR Doa\u00e7\u00f5es ACESSAR Pol\u00edticas Institucionais ACESSAR Estatuto Social ACESSAR Indicadores de Produ\u00e7\u00e3o ACESSAR Contratualiza\u00e7\u00e3o ACESSAR Membros do Conselho ACESSAR Chamamento P\u00fablico ACESSAR Santa Casa Pr\u00eamios ACESSAR FP ACESSAR Emendas Parlamentares ACESSAR Subven\u00e7\u00e3o ACESSAR Mais Santas Casas ACESSAR A Santa Casa de&nbsp; de&hellip; <br \/> <a class=\"button small blue\" href=\"https:\/\/santacasaararaquara.com.br\/trp\/?p=1\">Leia mais<\/a><\/p>\n","protected":false},"author":1,"featured_media":0,"parent":0,"menu_order":0,"comment_status":"closed","ping_status":"closed","template":"","meta":{"footnotes":""},"class_list":["post-5","page","type-page","status-publish","hentry"],"_links":{"self":[{"href":"https:\/\/santacasaararaquara.com.br\/trp\/index.php?rest_route=\/wp\/v2\/pages\/5","targetHints":{"allow":["GET"]}}],"collection":[{"href":"https:\/\/santacasaararaquara.com.br\/trp\/index.php?rest_route=\/wp\/v2\/pages"}],"about":[{"href":"https:\/\/santacasaararaquara.com.br\/trp\/index.php?rest_route=\/wp\/v2\/types\/page"}],"author":[{"embeddable":true,"href":"https:\/\/santacasaararaquara.com.br\/trp\/index.php?rest_route=\/wp\/v2\/users\/1"}],"replies":[{"embeddable":true,"href":"https:\/\/santacasaararaquara.com.br\/trp\/index.php?rest_route=%2Fwp%2Fv2%2Fcomments&post=5"}],"version-history":[{"count":62,"href":"https:\/\/santacasaararaquara.com.br\/trp\/index.php?rest_route=\/wp\/v2\/pages\/5\/revisions"}],"predecessor-version":[{"id":689,"href":"https:\/\/santacasaararaquara.com.br\/trp\/index.php?rest_route=\/wp\/v2\/pages\/5\/revisions\/689"}],"wp:attachment":[{"href":"https:\/\/santacasaararaquara.com.br\/trp\/index.php?rest_route=%2Fwp%2Fv2%2Fmedia&parent=5"}],"curies":[{"name":"wp","href":"https:\/\/api.w.org\/{rel}","templated":true}]}}